{"id":661,"date":"2020-08-07T11:51:53","date_gmt":"2020-08-07T09:51:53","guid":{"rendered":"https:\/\/agricolacorbera.com\/producto\/garrafa-oli-arbequina-2l\/"},"modified":"2020-08-07T11:57:41","modified_gmt":"2020-08-07T09:57:41","slug":"garrafa-oli-arbequina-2l","status":"publish","type":"product","link":"https:\/\/agricolacorbera.com\/es\/producto\/garrafa-oli-arbequina-2l\/","title":{"rendered":"Garrafa Aceite Arbequina 2L"},"content":{"rendered":"<p>Aceite afrutado y suave, con toques de manzana, almendra y pl\u00e1tano y de consistencia fluida y dulce. Es muy recomendable para utilizarlo en crudo en platos que necesiten aromatizaci\u00f3n como las ensaladas, verduras a la parrilla, marinado, salsas como la mayonesa, el alioli y la vinagreta; cremas fr\u00edas (salmorejos y gazpachos); masas de reposter\u00eda y frutas tropicales \u00e1cidas. Tambi\u00e9n para salteados, sartenes y platos de arroz en general.<\/p>\n","protected":false},"excerpt":{"rendered":"<p>Aceite de oliva virgen extra<br \/>\nVariedad Arbequina.<br \/>\n2l<\/p>\n","protected":false},"featured_media":660,"template":"","meta":[],"product_cat":[15],"product_tag":[67],"class_list":{"0":"post-661","1":"product","2":"type-product","3":"status-publish","4":"has-post-thumbnail","6":"product_cat-tienda","7":"product_tag-oli-es","9":"first","10":"instock","11":"taxable","12":"shipping-taxable","13":"purchasable","14":"product-type-simple"},"_links":{"self":[{"href":"https:\/\/agricolacorbera.com\/es\/wp-json\/wp\/v2\/product\/661","targetHints":{"allow":["GET"]}}],"collection":[{"href":"https:\/\/agricolacorbera.com\/es\/wp-json\/wp\/v2\/product"}],"about":[{"href":"https:\/\/agricolacorbera.com\/es\/wp-json\/wp\/v2\/types\/product"}],"wp:featuredmedia":[{"embeddable":true,"href":"https:\/\/agricolacorbera.com\/es\/wp-json\/wp\/v2\/media\/660"}],"wp:attachment":[{"href":"https:\/\/agricolacorbera.com\/es\/wp-json\/wp\/v2\/media?parent=661"}],"wp:term":[{"taxonomy":"product_cat","embeddable":true,"href":"https:\/\/agricolacorbera.com\/es\/wp-json\/wp\/v2\/product_cat?post=661"},{"taxonomy":"product_tag","embeddable":true,"href":"https:\/\/agricolacorbera.com\/es\/wp-json\/wp\/v2\/product_tag?post=661"}],"curies":[{"name":"wp","href":"https:\/\/api.w.org\/{rel}","templated":true}]}}