{"id":565,"date":"2020-06-02T12:57:26","date_gmt":"2020-06-02T10:57:26","guid":{"rendered":"https:\/\/agricolacorbera.com\/producto\/miralls-2\/"},"modified":"2022-09-13T13:13:22","modified_gmt":"2022-09-13T11:13:22","slug":"miralls-arbequina","status":"publish","type":"product","link":"https:\/\/agricolacorbera.com\/es\/producto\/miralls-arbequina\/","title":{"rendered":"Miralls"},"content":{"rendered":"<p>Aceite de oliva virgen extra<br \/>\nVariedad Arbequina.<br \/>\n500 ml<\/p>\n<p>Aceite afrutado y suave, con toques de manzana, almendra y pl\u00e1tano y de consistencia fluida y dulce.<br \/>\nEs muy recomendable para utilizarlo en crudo en platos que necesiten aromatizaci\u00f3n como las ensaladas, verduras a la parrilla, marinado, salsas como la mayonesa, el allioli y la vinagreta; cremas fr\u00edas (salmorejos y gazpachos); masas de reposter\u00eda y frutas tropicales \u00e1cidas. Tambi\u00e9n para salteados, sartenes y platos de arroz en general.<\/p>\n","protected":false},"excerpt":{"rendered":"<p>Aceite de oliva virgen extra<br \/>\nVariedad Arbequina.<br \/>\n500 ml<\/p>\n","protected":false},"featured_media":564,"template":"","meta":[],"product_cat":[15],"product_tag":[67],"class_list":{"0":"post-565","1":"product","2":"type-product","3":"status-publish","4":"has-post-thumbnail","6":"product_cat-tienda","7":"product_tag-oli-es","9":"first","10":"instock","11":"taxable","12":"shipping-taxable","13":"product-type-simple"},"_links":{"self":[{"href":"https:\/\/agricolacorbera.com\/es\/wp-json\/wp\/v2\/product\/565","targetHints":{"allow":["GET"]}}],"collection":[{"href":"https:\/\/agricolacorbera.com\/es\/wp-json\/wp\/v2\/product"}],"about":[{"href":"https:\/\/agricolacorbera.com\/es\/wp-json\/wp\/v2\/types\/product"}],"wp:featuredmedia":[{"embeddable":true,"href":"https:\/\/agricolacorbera.com\/es\/wp-json\/wp\/v2\/media\/564"}],"wp:attachment":[{"href":"https:\/\/agricolacorbera.com\/es\/wp-json\/wp\/v2\/media?parent=565"}],"wp:term":[{"taxonomy":"product_cat","embeddable":true,"href":"https:\/\/agricolacorbera.com\/es\/wp-json\/wp\/v2\/product_cat?post=565"},{"taxonomy":"product_tag","embeddable":true,"href":"https:\/\/agricolacorbera.com\/es\/wp-json\/wp\/v2\/product_tag?post=565"}],"curies":[{"name":"wp","href":"https:\/\/api.w.org\/{rel}","templated":true}]}}