{"id":561,"date":"2020-06-02T12:31:38","date_gmt":"2020-06-02T10:31:38","guid":{"rendered":"https:\/\/agricolacorbera.com\/producto\/miralls\/"},"modified":"2022-09-13T13:15:30","modified_gmt":"2022-09-13T11:15:30","slug":"miralls-empeltre","status":"publish","type":"product","link":"https:\/\/agricolacorbera.com\/es\/producto\/miralls-empeltre\/","title":{"rendered":"Miralls"},"content":{"rendered":"<p>Aceite de oliva virgen extra<br \/>\nVariedad Empeltre.<br \/>\n500 ml<br \/>\nDOP Oli Terra Alta.<\/p>\n<p>De color amarillo con matices dorados de oro viejo, sabor de aceite suave y fluido, con recuerdos a la fragancia del olivo, sabor afrutado con leves notas de amargos y picantes.<br \/>\nEs ideal para su consumo en crudo en ensaladas, pastas y otros platos ali\u00f1ados. Resulta apropiado para guisos, conservas, carnes y quesos en aceite.<\/p>\n<p><strong>Mejor aceite equilibrado<br \/>\nPremis Terralt\u00ed 2018<\/strong><\/p>\n<p>En la 8a edici\u00f3n de los Premios Terralt\u00ed, celebrados en la Fatarella, el aceite de oliva virgen extra de la cooperativa recibi\u00f3 el premio al mejor aceite equilibrado de la variedad empeltre con DOP Terra Alta.<\/p>\n","protected":false},"excerpt":{"rendered":"<p>Aceite de oliva virgen extra<br \/>\nVariedad Empeltre.<br \/>\n500 ml<br \/>\nDOP Oli Terra Alta.<\/p>\n","protected":false},"featured_media":559,"template":"","meta":[],"product_cat":[15],"product_tag":[67],"class_list":{"0":"post-561","1":"product","2":"type-product","3":"status-publish","4":"has-post-thumbnail","6":"product_cat-tienda","7":"product_tag-oli-es","9":"first","10":"instock","11":"taxable","12":"shipping-taxable","13":"product-type-simple"},"_links":{"self":[{"href":"https:\/\/agricolacorbera.com\/es\/wp-json\/wp\/v2\/product\/561","targetHints":{"allow":["GET"]}}],"collection":[{"href":"https:\/\/agricolacorbera.com\/es\/wp-json\/wp\/v2\/product"}],"about":[{"href":"https:\/\/agricolacorbera.com\/es\/wp-json\/wp\/v2\/types\/product"}],"wp:featuredmedia":[{"embeddable":true,"href":"https:\/\/agricolacorbera.com\/es\/wp-json\/wp\/v2\/media\/559"}],"wp:attachment":[{"href":"https:\/\/agricolacorbera.com\/es\/wp-json\/wp\/v2\/media?parent=561"}],"wp:term":[{"taxonomy":"product_cat","embeddable":true,"href":"https:\/\/agricolacorbera.com\/es\/wp-json\/wp\/v2\/product_cat?post=561"},{"taxonomy":"product_tag","embeddable":true,"href":"https:\/\/agricolacorbera.com\/es\/wp-json\/wp\/v2\/product_tag?post=561"}],"curies":[{"name":"wp","href":"https:\/\/api.w.org\/{rel}","templated":true}]}}