{"id":34,"date":"2018-10-09T09:29:01","date_gmt":"2018-10-09T09:29:01","guid":{"rendered":"http:\/\/xanatis.com\/~agricolacorbera\/?post_type=product&#038;p=34"},"modified":"2025-12-04T14:24:03","modified_gmt":"2025-12-04T12:24:03","slug":"la-muntera","status":"publish","type":"product","link":"https:\/\/agricolacorbera.com\/es\/producto\/la-muntera\/","title":{"rendered":"La Muntera"},"content":{"rendered":"<p>El Tur\u00f3 de la Muntera de Corbera d&#8217;Ebre es memoria colectiva contra el olvido y tambi\u00e9n un espacio de arte. Un nombre excepcional para un vino \u00fanico, 100% cari\u00f1ena (monovarietal) de vi\u00f1as viejas seleccionadas<\/p>\n<p>Color picota con matices violados.<br \/>\nAromas de frutas negras, violetas, sotobosque y minerales.<\/p>\n<p>Marida con carnes a la brasa, guisos, quesos curados y chocolate de alta pureza en cacao.<\/p>\n<p>Vino tinto &#8211; 2022.<br \/>\nCari\u00f1ena<br \/>\n75 cl. 13,5% Vol.<br \/>\nD.O. Terra Alta.<\/p>\n","protected":false},"excerpt":{"rendered":"<p>Vino tinto &#8211; 2022.<br \/>\nCari\u00f1ena.<br \/>\n75 cl. 13,5% Vol.<br \/>\nD.O. Terra Alta.<\/p>\n","protected":false},"featured_media":938,"template":"","meta":[],"product_cat":[15],"product_tag":[56],"class_list":{"0":"post-34","1":"product","2":"type-product","3":"status-publish","4":"has-post-thumbnail","6":"product_cat-tienda","7":"product_tag-vino-tinto","9":"first","10":"instock","11":"featured","12":"taxable","13":"shipping-taxable","14":"purchasable","15":"product-type-simple"},"_links":{"self":[{"href":"https:\/\/agricolacorbera.com\/es\/wp-json\/wp\/v2\/product\/34","targetHints":{"allow":["GET"]}}],"collection":[{"href":"https:\/\/agricolacorbera.com\/es\/wp-json\/wp\/v2\/product"}],"about":[{"href":"https:\/\/agricolacorbera.com\/es\/wp-json\/wp\/v2\/types\/product"}],"wp:featuredmedia":[{"embeddable":true,"href":"https:\/\/agricolacorbera.com\/es\/wp-json\/wp\/v2\/media\/938"}],"wp:attachment":[{"href":"https:\/\/agricolacorbera.com\/es\/wp-json\/wp\/v2\/media?parent=34"}],"wp:term":[{"taxonomy":"product_cat","embeddable":true,"href":"https:\/\/agricolacorbera.com\/es\/wp-json\/wp\/v2\/product_cat?post=34"},{"taxonomy":"product_tag","embeddable":true,"href":"https:\/\/agricolacorbera.com\/es\/wp-json\/wp\/v2\/product_tag?post=34"}],"curies":[{"name":"wp","href":"https:\/\/api.w.org\/{rel}","templated":true}]}}