{"id":1735,"date":"2022-07-11T12:08:28","date_gmt":"2022-07-11T10:08:30","guid":{"rendered":"https:\/\/agricolacorbera.com\/?post_type=product&#038;p=1735"},"modified":"2022-07-18T12:25:15","modified_gmt":"2022-07-18T10:25:15","slug":"pack-solidario-sense-limits-2021","status":"publish","type":"product","link":"https:\/\/agricolacorbera.com\/es\/producto\/pack-solidario-sense-limits-2021\/","title":{"rendered":"PACK SOLIDARIO. SENSE L\u00cdMITS 2021"},"content":{"rendered":"<p>Ll\u00e9vate una caja de 6 botellas y te regalamos una camiseta Sense L\u00edmits!<\/p>\n<p>Vino Solidario \u2013 2021.<br \/>\nGarnacha blanca 100%<br \/>\n75 cl 15% Vol.<br \/>\nDO Terra Alta.<\/p>\n<p><strong>La recaudaci\u00f3n de la venta del Vino Solidario se destinar\u00e1 \u00edntegramente a la Asociaci\u00f3n Jeroni de Moragas.<\/strong><\/p>\n<p>De color amarillo pajizo, claro y brillante<br \/>\nMuy arom\u00e1tico, percepciones de fruta de pulpa blanca y flores blancas, melocot\u00f3n maduro y miel.<br \/>\nDe cata elegante, voluminoso en boca, dulce, de acidez justa<\/p>\n<p>En boca, gran amplitud y volumen, destacan notas saladas, dulces y \u00e1cidas. Lleno y largo<\/p>\n<p>MARIDAJE:<\/p>\n<p>Pescados<br \/>\nquesos grasos<br \/>\ncarne blanca<br \/>\narroces<\/p>\n","protected":false},"excerpt":{"rendered":"<p>Caja Vino Solidario 2021 + camiseta<br \/>\nGarnacha blanca 100%<br \/>\n75 cl 15% Vol. &#8211; DO Terra Alta.<\/p>\n","protected":false},"featured_media":1769,"template":"","meta":[],"product_cat":[15],"product_tag":[],"class_list":{"0":"post-1735","1":"product","2":"type-product","3":"status-publish","4":"has-post-thumbnail","6":"product_cat-tienda","8":"first","9":"instock","10":"taxable","11":"shipping-taxable","12":"purchasable","13":"product-type-variable"},"_links":{"self":[{"href":"https:\/\/agricolacorbera.com\/es\/wp-json\/wp\/v2\/product\/1735","targetHints":{"allow":["GET"]}}],"collection":[{"href":"https:\/\/agricolacorbera.com\/es\/wp-json\/wp\/v2\/product"}],"about":[{"href":"https:\/\/agricolacorbera.com\/es\/wp-json\/wp\/v2\/types\/product"}],"wp:featuredmedia":[{"embeddable":true,"href":"https:\/\/agricolacorbera.com\/es\/wp-json\/wp\/v2\/media\/1769"}],"wp:attachment":[{"href":"https:\/\/agricolacorbera.com\/es\/wp-json\/wp\/v2\/media?parent=1735"}],"wp:term":[{"taxonomy":"product_cat","embeddable":true,"href":"https:\/\/agricolacorbera.com\/es\/wp-json\/wp\/v2\/product_cat?post=1735"},{"taxonomy":"product_tag","embeddable":true,"href":"https:\/\/agricolacorbera.com\/es\/wp-json\/wp\/v2\/product_tag?post=1735"}],"curies":[{"name":"wp","href":"https:\/\/api.w.org\/{rel}","templated":true}]}}